{"id":153,"date":"2021-02-22T11:31:21","date_gmt":"2021-02-22T10:31:21","guid":{"rendered":"https:\/\/www.ospk.cz\/?page_id=153"},"modified":"2025-12-10T08:56:49","modified_gmt":"2025-12-10T07:56:49","slug":"prihlaska","status":"publish","type":"page","link":"https:\/\/www.ospk.cz\/?page_id=153","title":{"rendered":"P\u0159ihl\u00e1\u0161ka"},"content":{"rendered":"\n<h3 class=\"wp-block-heading has-text-align-center\">P\u0159ihl\u00e1\u0161ka do OSPK<\/h3>\n\n\n\n<p>\u010clenskou p\u0159ihl\u00e1\u0161ku do Odborov\u00e9ho svazu pracovn\u00edk\u016f knihoven si m\u016f\u017eete st\u00e1hnout ve form\u00e1tu\u00a0<a href=\"https:\/\/www.ospk.cz\/wp-content\/uploads\/2025\/12\/Prihlaska-do-OSPK-1.docx\" data-type=\"page\" data-id=\"153\">Word,<\/a> vyplnit ji a poslat n\u00e1m ji po\u0161tou \/ <a href=\"mailto:novotny.lubomir@ospk.cz\">e-mailem<\/a>, nebo m\u016f\u017eete vyplnit n\u00e1\u0161 <a href=\"https:\/\/forms.gle\/ByiNbSa4C8iAdCs59\" target=\"_blank\" rel=\"noreferrer noopener\">elektronick\u00fd formul\u00e1\u0159<\/a>.<\/p>\n\n\n\n<div class=\"wp-block-file\"><a id=\"wp-block-file--media-35db49f4-c5ba-4cf8-a8ab-0895314ca80e\" href=\"https:\/\/www.ospk.cz\/wp-content\/uploads\/2025\/12\/Prihlaska-do-OSPK-1.docx\">Prihlaska-do-OSPK <\/a><a href=\"https:\/\/www.ospk.cz\/wp-content\/uploads\/2025\/12\/Prihlaska-do-OSPK-1.docx\" class=\"wp-block-file__button wp-element-button\" download aria-describedby=\"wp-block-file--media-35db49f4-c5ba-4cf8-a8ab-0895314ca80e\">St\u00e1hnout<\/a><\/div>\n\n\n\n<h4 class=\"wp-block-heading has-text-align-center\">Kam poslat p\u0159ihl\u00e1\u0161ku?<\/h4>\n\n\n\n<p class=\"has-text-align-center\">Senov\u00e1\u017en\u00e9 n\u00e1m\u011bst\u00ed 23<br>Praha 1 \u2013 Nov\u00e9 M\u011bsto<br>110 00<\/p>\n\n\n\n<p class=\"has-text-align-center\"><strong>E-mail: <\/strong><a href=\"mailto:ospk@cmkos.cz\"><\/a><a href=\"mailto:novotny.lubomir@ospk.cz\">novotny.lubomir@ospk.cz<\/a><\/p>\n\n\n\n<p><\/p>\n","protected":false},"excerpt":{"rendered":"<p>P\u0159ihl\u00e1\u0161ka do OSPK \u010clenskou p\u0159ihl\u00e1\u0161ku do Odborov\u00e9ho svazu pracovn\u00edk\u016f knihoven si m\u016f\u017eete st\u00e1hnout ve form\u00e1tu\u00a0Word, vyplnit ji a poslat n\u00e1m ji po\u0161tou \/ e-mailem, nebo m\u016f\u017eete vyplnit n\u00e1\u0161 elektronick\u00fd formul\u00e1\u0159. Kam poslat p\u0159ihl\u00e1\u0161ku? Senov\u00e1\u017en\u00e9 n\u00e1m\u011bst\u00ed 23Praha 1 \u2013 Nov\u00e9 M\u011bsto110 00 E-mail: novotny.lubomir@ospk.cz<\/p>\n","protected":false},"author":1,"featured_media":0,"parent":0,"menu_order":0,"comment_status":"closed","ping_status":"closed","template":"","meta":{"footnotes":""},"class_list":["post-153","page","type-page","status-publish"],"_links":{"self":[{"href":"https:\/\/www.ospk.cz\/index.php?rest_route=\/wp\/v2\/pages\/153","targetHints":{"allow":["GET"]}}],"collection":[{"href":"https:\/\/www.ospk.cz\/index.php?rest_route=\/wp\/v2\/pages"}],"about":[{"href":"https:\/\/www.ospk.cz\/index.php?rest_route=\/wp\/v2\/types\/page"}],"author":[{"embeddable":true,"href":"https:\/\/www.ospk.cz\/index.php?rest_route=\/wp\/v2\/users\/1"}],"replies":[{"embeddable":true,"href":"https:\/\/www.ospk.cz\/index.php?rest_route=%2Fwp%2Fv2%2Fcomments&post=153"}],"version-history":[{"count":22,"href":"https:\/\/www.ospk.cz\/index.php?rest_route=\/wp\/v2\/pages\/153\/revisions"}],"predecessor-version":[{"id":930,"href":"https:\/\/www.ospk.cz\/index.php?rest_route=\/wp\/v2\/pages\/153\/revisions\/930"}],"wp:attachment":[{"href":"https:\/\/www.ospk.cz\/index.php?rest_route=%2Fwp%2Fv2%2Fmedia&parent=153"}],"curies":[{"name":"wp","href":"https:\/\/api.w.org\/{rel}","templated":true}]}}