{"id":25,"date":"2021-02-15T11:18:35","date_gmt":"2021-02-15T10:18:35","guid":{"rendered":"https:\/\/www.ospk.cz\/?page_id=25"},"modified":"2025-05-23T08:10:58","modified_gmt":"2025-05-23T06:10:58","slug":"o-nas","status":"publish","type":"page","link":"https:\/\/www.ospk.cz\/?page_id=25","title":{"rendered":"O n\u00e1s"},"content":{"rendered":"\n<p>Odborov\u00fd svaz pracovn\u00edk\u016f knihoven vznikl v b\u0159eznu 1990 jako n\u00e1stupnick\u00e1 organizace po rozpadu tehdej\u0161\u00edho ROH. V t\u00e9 dob\u011b, pln\u00e9 zm\u011bn a ide\u00e1l\u016f, nov\u00e9ho ch\u00e1p\u00e1n\u00ed sv\u011bta a opojen\u00ed z pocitu radosti ze z\u00edskan\u00e9 demokracie se logicky lid\u00e9 odvraceli od struktur a z\u00e1sad revolu\u010dn\u00edho odborov\u00e9ho hnut\u00ed. Z\u00e1rove\u0148 tu byla siln\u00e1 pot\u0159eba a popt\u00e1vka po organizaci, kter\u00e1 bude chr\u00e1nit a pom\u00e1hat lidem pr\u00e1ce, zam\u011bstnanc\u016fm bez ohledu na to, v jak\u00e9m pracuj\u00ed oboru, \u010di odv\u011btv\u00ed. A tak velmi rychle po politick\u00e9m p\u0159evratu vznikly nov\u00e9, modern\u00ed odbory. Odbory, kter\u00e9 se staly d\u011bdici ROH, ale na pon\u011bkud jin\u00fdch principech, z nich\u017e asi nejz\u00e1sadn\u011bj\u0161\u00edm byla tot\u00e1ln\u00ed nez\u00e1vislost na st\u00e1tu a akcent na profesn\u00ed orientaci jednotliv\u00fdch nov\u011b vznikl\u00fdch odborov\u00fdch svaz\u016f.<\/p>\n\n\n\n<p>Prvn\u00edm p\u0159edsedou Odborov\u00e9ho svazu pracovn\u00edk\u016f knihoven se stal pan <strong>Ond\u0159ej Vav\u0159\u00edk<\/strong> z M\u011bstsk\u00e9 knihovny v Praze. Svaz byl stejn\u011b tak, jako republika, feder\u00e1ln\u00ed a byl tvo\u0159en dv\u011bma komorami \u2013 \u010deskou a slovenskou. V \u010dele byl v\u00fdkonn\u00fd v\u00fdbor, tvo\u0159en\u00fd z\u00e1stupci z cel\u00e9 republiky. P\u0159edseda nebyl pro v\u00fdkon sv\u00e9 funkce uvoln\u011bn a svaz m\u011bl 2 zam\u011bstnankyn\u011b, kter\u00e9 zabezpe\u010dovaly jeho chod.<\/p>\n\n\n\n<p>Po roce se konal sjezd, kter\u00fd zvolil novou p\u0159edsedkyni a rozhodl o tom, \u017ee ta ji\u017e bude pro v\u00fdkon funkce uvoln\u011bna na pln\u00fd \u00favazek. Stala se j\u00ed pan\u00ed&nbsp;<strong>Dana Men\u0161\u00edkov\u00e1<\/strong>&nbsp;z Okresn\u00ed knihovny Praha \u2013 z\u00e1pad. Tak, jako se pomalu zabydlela demokracie na na\u0161\u00ed politick\u00e9 sc\u00e9n\u011b, z\u00edsk\u00e1valy si odbory nov\u00e9 postaven\u00ed ve spole\u010dnosti, jejich \u010dinnost se zam\u011b\u0159ila daleko v\u011bt\u0161\u00ed silou na ochranu pr\u00e1v a pos\u00edlen\u00ed postaven\u00ed zam\u011bstnanc\u016f, bojovaly v z\u00e1jmu sv\u00fdch \u010dlen\u016f za lep\u0161\u00ed a l\u00e9pe placenou pr\u00e1ci, u\u010dily sv\u00e9 \u010dleny opr\u00e1vn\u011bn\u00e9mu sebev\u011bdom\u00ed, sna\u017eily se o zlep\u0161en\u00ed legislativy zejm\u00e9na v oblasti pracovn\u00edho pr\u00e1va, BOZP atd. Aby toto v\u0161e zvl\u00e1dly musely se profesionalizovat a OSPK v tomto sm\u011bru nez\u016fstal pozadu. Navzdory tomu, \u017ee je to svaz nevelk\u00fd, m\u00e1 k dispozici mal\u00fd profesion\u00e1ln\u00ed apar\u00e1t, v\u010detn\u011b pr\u00e1vn\u00edka.<\/p>\n\n\n\n<p>Po rozpadu republiky a vzniku dvou suver\u00e9nn\u00edch st\u00e1t\u016f \u2013 \u010ceska a Slovenska se rovn\u011b\u017e OSPK rozd\u011blil na dva samostatn\u00e9 odborov\u00e9 svazy. Pan\u00ed Dana Men\u0161\u00edkov\u00e1 se stala p\u0159edsedkyn\u00ed OSPK v \u010cesku. Oba nov\u011b vznikl\u00e9 odborov\u00e9 svazy se staly pr\u00e1vn\u00edmi n\u00e1stupci b\u00fdval\u00e9ho feder\u00e1ln\u00edho svazu se v\u0161emi pr\u00e1vy i povinnostmi, prob\u011bhlo \u0159\u00e1dn\u00e9 rozd\u011blen\u00ed majetku.<\/p>\n\n\n\n<p>OSPK je spolumajitelem nemovit\u00e9ho majetku v Praze, kter\u00fd v roce 1990 spolu s dal\u0161\u00edmi 10 odborov\u00fdmi svazy v oblasti kultury p\u0159evzal od b\u00fdval\u00e9ho ROH a z v\u00fdnos\u016f z jeho pron\u00e1jmu spolufinancuje svou \u010dinnost.<\/p>\n\n\n\n<p>Od po\u010d\u00e1tku sv\u00e9 existence v roce 1990 byl OSPK spoluzakladatelem a \u010dlenem jedn\u00e9 ze dvou nejsiln\u011bj\u0161\u00edch odborov\u00fdch centr\u00e1l \u2013 Konfederace um\u011bn\u00ed a kultury. Po n\u011bkolika letech v\u0161ak jej\u00ed \u0159ady opustil, aby po n\u011bkolika dal\u0161\u00edch letech samostatn\u00e9ho fungov\u00e1n\u00ed vstoupil do \u0159ad \u010ceskomoravsk\u00e9m konfederace odborov\u00fdch svaz\u016f, jej\u00edm\u017e platn\u00fdm a respektovan\u00fdm \u010dlenem je dodnes. Vyu\u017e\u00edv\u00e1 servis a poradenstv\u00ed, kter\u00e9 \u010cMKOS sv\u00fdm \u010dlen\u016fm poskytuje a m\u016f\u017ee proto \u010dlen\u016fm OSPK zajistit kvalitn\u00ed a komplexn\u00ed odborov\u00e9 slu\u017eby.<\/p>\n\n\n\n<p>Do b\u0159ezna 2025 st\u00e1la v \u010dele OSPK p\u0159edsedkyn\u011b pan\u00ed\u00a0<strong>Iveta Bergerov\u00e1<\/strong>, na z\u00e1klad\u011b volby ze Sjezdu OSPK 19. b\u0159ezna 2025 se stal p\u0159edsedou <strong>Mgr. et Mgr. Lubom\u00edr Novotn\u00fd<\/strong>. V\u00fdkonn\u00fd v\u00fdbor je slo\u017een z pracovn\u00edk\u016f knihoven z cel\u00e9 \u010cR a revizn\u00ed komise. OSPK i nad\u00e1le pokra\u010duje v tom, pro\u010d byl p\u0159ed 30 lety zalo\u017een. Poskytuje kompletn\u00ed pr\u00e1vn\u00ed slu\u017eby sv\u00fdm \u010dlen\u016fm, spolupracuje s ostatn\u00edmi odborov\u00fdmi svazy p\u0159i ka\u017edoro\u010dn\u00edm vyjedn\u00e1v\u00e1n\u00ed o platech a pracovn\u00edch podm\u00ednk\u00e1ch a to nejen s vl\u00e1dou, ale i se z\u00e1stupci z\u0159izovatel\u016f a zam\u011bstnavatelsk\u00fdmi subjekty.<\/p>\n\n\n\n<p>Organiza\u010dn\u011b je OSPK tvo\u0159ena a jej\u00ed bezprost\u0159edn\u00ed kontakt se zam\u011bstnavateli zprost\u0159edkov\u00e1vaj\u00ed z\u00e1kladn\u00ed organizace zastupuj\u00edc\u00ed zam\u011bstnance p\u0159\u00edmo v&nbsp;knihovn\u00e1ch po \u00fazem\u00ed cel\u00e9 \u010cesk\u00e9 republiky.<\/p>\n\n\n\n<p>OSPK je otev\u0159en z\u00e1jmu nov\u00fdch \u010dlen\u016f bez jejich\u017e opory by bylo obt\u00ed\u017en\u00e9 nejen prosazovat ale p\u0159edev\u0161\u00edm chr\u00e1nit z\u00e1jmy zam\u011bstnanc\u016f v&nbsp;knihovn\u00e1ch i v\u016f\u010di org\u00e1n\u016fm st\u00e1tu a samospr\u00e1vy a poskytovat jim nezbytn\u00fd servis a pomoc a v\u00edt\u00e1 vznik nov\u00fdch ZO OSPK.<\/p>\n\n\n\n<h3 class=\"wp-block-heading\">Jak zalo\u017eit ZO OSPK?<\/h3>\n\n\n\n<p>Z\u00e1kladn\u00ed n\u00e1vod d\u00e1vaj\u00ed ustanoven\u00ed \u010dl. 7 Stanov OSPK.<\/p>\n\n\n\n<ul class=\"wp-block-list\">\n<li>K\u00a0zalo\u017een\u00ed ZO OSPK, a pochopiteln\u011b t\u00edm i vzniku \u010dlenstv\u00ed v\u00a0OSPK, je pot\u0159eba nejm\u00e9n\u011b t\u0159\u00ed z\u00e1jemc\u016f z\u00a0\u0159ad zam\u011bstnanc\u016f knihovny. Mimo nezbytn\u011b nutn\u00fdch t\u0159\u00ed zam\u011bstnanc\u016f mohou b\u00fdt \u010dleny i b\u00fdval\u00ed zam\u011bstnanci, pop\u0159. d\u016fchodci.<\/li>\n\n\n\n<li>Nezbytn\u00fdm d\u016fkazem o jejich rozhodnut\u00ed a z\u00e1rove\u0148 dokladem pro V\u00fdkonn\u00fd v\u00fdbor OSPK o vzniku ZO je z\u00e1pis z\u00a0ustavuj\u00edc\u00ed \u010dlensk\u00e9 sch\u016fze obsahuj\u00edc\u00ed usnesen\u00ed, z\u00a0kter\u00e9ho je z\u0159ejm\u00e9, \u017ee se tak zakl\u00e1daj\u00edc\u00ed \u010dlenov\u00e9 dobrovoln\u011b rozhodli s\u00a0uveden\u00edm jejich jmen a spojen\u00ed a prezen\u010dn\u00ed listina zakl\u00e1daj\u00edc\u00edch \u010dlen\u016f s\u00a0jejich podpisy.<\/li>\n\n\n\n<li>Ka\u017ed\u00fd \u010dlen vypln\u00ed p\u0159ihl\u00e1\u0161ku uvedenou na <a href=\"https:\/\/www.ospk.cz\/?page_id=153\">webu ospk.cz<\/a>.<\/li>\n\n\n\n<li>Stanovy d\u00e1le p\u0159edpokl\u00e1daj\u00ed volbu v\u00fdboru resp. p\u0159edsedy ZO nebo d\u016fv\u011brn\u00edka u ZO do 10 \u010dlen\u016f.<\/li>\n\n\n\n<li>Nov\u011b vznikl\u00e1 ZO o sv\u00e9m vzniku uv\u011bdom\u00ed v\u00fdkonn\u00fd v\u00fdbor OSPK a pot\u00e9 obdr\u017e\u00ed registra\u010dn\u00ed \u010d\u00edslo.<\/li>\n\n\n\n<li>Nov\u00e1 ZO si nech\u00e1 vyrobit raz\u00edtko s\u00a0t\u00edmto textem:<\/li>\n<\/ul>\n\n\n\n<blockquote class=\"wp-block-quote is-layout-flow wp-block-quote-is-layout-flow\">\n<p><em>Z\u00e1kladn\u00ed organizace Odborov\u00e9ho svazu pracovn\u00edk\u016f knihoven<\/em><br><em>n\u00e1zev a s\u00eddlo knihovny, pokud nen\u00ed obsa\u017eeno v\u00a0n\u00e1zvu<\/em><br><em>registra\u010dn\u00ed \u010d\u00edslo.<\/em><\/p>\n<\/blockquote>\n\n\n\n<ul class=\"wp-block-list\">\n<li>Opr\u00e1vn\u011bn\u00ed ZO jednat se zam\u011bstnavatelem jm\u00e9nem OSPK vznikaj\u00ed dnem n\u00e1sleduj\u00edc\u00edm po dni, kdy zam\u011bstnavateli p\u00edsemn\u011b sd\u011blila, \u017ee alespo\u0148 t\u0159i jej\u00ed \u010dlenov\u00e9 jsou zam\u011bstnanci knihovny, \u017ee Stanovy OSPK v\u00a0\u010dl. 2 a 7 upravuj\u00ed jej\u00ed p\u016fsobnost u zam\u011bstnavatele a opr\u00e1vn\u011bn\u00ed jednat v\u010detn\u011b uveden\u00ed \u00fadaj\u016f o odborov\u00e9m org\u00e1nu (v\u00fdbor ZO), kter\u00fd je opr\u00e1vn\u011bn jednat se zam\u011bstnavatelem v\u010detn\u011b uveden\u00ed jmen \u010dlen\u016f v\u00fdboru ZO opr\u00e1vn\u011bn\u00fdch jednat se zam\u011bstnavatelem. Jm\u00e9na ostatn\u00edch \u010dlen\u016f ZO podl\u00e9haj\u00ed utajen\u00ed podle princip\u016f GDPR, pokud se \u010dlenov\u00e9 nerozhodnou jinak.<\/li>\n<\/ul>\n","protected":false},"excerpt":{"rendered":"<p>Odborov\u00fd svaz pracovn\u00edk\u016f knihoven vznikl v b\u0159eznu 1990 jako n\u00e1stupnick\u00e1 organizace po rozpadu tehdej\u0161\u00edho ROH. V t\u00e9 dob\u011b, pln\u00e9 zm\u011bn a ide\u00e1l\u016f, nov\u00e9ho ch\u00e1p\u00e1n\u00ed sv\u011bta a opojen\u00ed z pocitu radosti ze z\u00edskan\u00e9 demokracie se logicky lid\u00e9 odvraceli od struktur a z\u00e1sad revolu\u010dn\u00edho odborov\u00e9ho hnut\u00ed. Z\u00e1rove\u0148 tu byla siln\u00e1 pot\u0159eba a&hellip;<\/p>\n<p> <a class=\"more-link\" href=\"https:\/\/www.ospk.cz\/?page_id=25\">\u010c\u00edst v\u00edce<\/a><\/p>\n","protected":false},"author":1,"featured_media":0,"parent":0,"menu_order":0,"comment_status":"closed","ping_status":"closed","template":"","meta":{"footnotes":""},"class_list":["post-25","page","type-page","status-publish"],"_links":{"self":[{"href":"https:\/\/www.ospk.cz\/index.php?rest_route=\/wp\/v2\/pages\/25","targetHints":{"allow":["GET"]}}],"collection":[{"href":"https:\/\/www.ospk.cz\/index.php?rest_route=\/wp\/v2\/pages"}],"about":[{"href":"https:\/\/www.ospk.cz\/index.php?rest_route=\/wp\/v2\/types\/page"}],"author":[{"embeddable":true,"href":"https:\/\/www.ospk.cz\/index.php?rest_route=\/wp\/v2\/users\/1"}],"replies":[{"embeddable":true,"href":"https:\/\/www.ospk.cz\/index.php?rest_route=%2Fwp%2Fv2%2Fcomments&post=25"}],"version-history":[{"count":6,"href":"https:\/\/www.ospk.cz\/index.php?rest_route=\/wp\/v2\/pages\/25\/revisions"}],"predecessor-version":[{"id":876,"href":"https:\/\/www.ospk.cz\/index.php?rest_route=\/wp\/v2\/pages\/25\/revisions\/876"}],"wp:attachment":[{"href":"https:\/\/www.ospk.cz\/index.php?rest_route=%2Fwp%2Fv2%2Fmedia&parent=25"}],"curies":[{"name":"wp","href":"https:\/\/api.w.org\/{rel}","templated":true}]}}