{"id":31,"date":"2021-02-15T11:19:51","date_gmt":"2021-02-15T10:19:51","guid":{"rendered":"https:\/\/www.ospk.cz\/?page_id=31"},"modified":"2021-02-23T09:50:47","modified_gmt":"2021-02-23T08:50:47","slug":"pravni-ochrana","status":"publish","type":"page","link":"https:\/\/www.ospk.cz\/?page_id=31","title":{"rendered":"Pr\u00e1vn\u00ed poradna"},"content":{"rendered":"\n<p>&#8230;tato str\u00e1nka je\u0161t\u011b nen\u00ed hotov\u00e1&#8230;<\/p>\n","protected":false},"excerpt":{"rendered":"<p>&#8230;tato str\u00e1nka je\u0161t\u011b nen\u00ed hotov\u00e1&#8230;<\/p>\n","protected":false},"author":1,"featured_media":0,"parent":0,"menu_order":0,"comment_status":"closed","ping_status":"closed","template":"","meta":{"footnotes":""},"class_list":["post-31","page","type-page","status-publish"],"_links":{"self":[{"href":"https:\/\/www.ospk.cz\/index.php?rest_route=\/wp\/v2\/pages\/31","targetHints":{"allow":["GET"]}}],"collection":[{"href":"https:\/\/www.ospk.cz\/index.php?rest_route=\/wp\/v2\/pages"}],"about":[{"href":"https:\/\/www.ospk.cz\/index.php?rest_route=\/wp\/v2\/types\/page"}],"author":[{"embeddable":true,"href":"https:\/\/www.ospk.cz\/index.php?rest_route=\/wp\/v2\/users\/1"}],"replies":[{"embeddable":true,"href":"https:\/\/www.ospk.cz\/index.php?rest_route=%2Fwp%2Fv2%2Fcomments&post=31"}],"version-history":[{"count":3,"href":"https:\/\/www.ospk.cz\/index.php?rest_route=\/wp\/v2\/pages\/31\/revisions"}],"predecessor-version":[{"id":201,"href":"https:\/\/www.ospk.cz\/index.php?rest_route=\/wp\/v2\/pages\/31\/revisions\/201"}],"wp:attachment":[{"href":"https:\/\/www.ospk.cz\/index.php?rest_route=%2Fwp%2Fv2%2Fmedia&parent=31"}],"curies":[{"name":"wp","href":"https:\/\/api.w.org\/{rel}","templated":true}]}}