{"id":35,"date":"2021-02-15T11:20:35","date_gmt":"2021-02-15T10:20:35","guid":{"rendered":"https:\/\/www.ospk.cz\/?page_id=35"},"modified":"2021-02-15T11:22:33","modified_gmt":"2021-02-15T10:22:33","slug":"dokumenty","status":"publish","type":"page","link":"https:\/\/www.ospk.cz\/?page_id=35","title":{"rendered":"Dokumenty"},"content":{"rendered":"\n<p>P\u0159ihl\u00e1\u0161ka<\/p>\n\n\n\n<p>Vzor KS<\/p>\n\n\n\n<p>\u017d\u00e1danka o pr\u00e1vn\u00ed ochranu<\/p>\n","protected":false},"excerpt":{"rendered":"<p>P\u0159ihl\u00e1\u0161ka Vzor KS \u017d\u00e1danka o pr\u00e1vn\u00ed ochranu<\/p>\n","protected":false},"author":1,"featured_media":0,"parent":0,"menu_order":0,"comment_status":"closed","ping_status":"closed","template":"","meta":{"footnotes":""},"class_list":["post-35","page","type-page","status-publish"],"_links":{"self":[{"href":"https:\/\/www.ospk.cz\/index.php?rest_route=\/wp\/v2\/pages\/35","targetHints":{"allow":["GET"]}}],"collection":[{"href":"https:\/\/www.ospk.cz\/index.php?rest_route=\/wp\/v2\/pages"}],"about":[{"href":"https:\/\/www.ospk.cz\/index.php?rest_route=\/wp\/v2\/types\/page"}],"author":[{"embeddable":true,"href":"https:\/\/www.ospk.cz\/index.php?rest_route=\/wp\/v2\/users\/1"}],"replies":[{"embeddable":true,"href":"https:\/\/www.ospk.cz\/index.php?rest_route=%2Fwp%2Fv2%2Fcomments&post=35"}],"version-history":[{"count":2,"href":"https:\/\/www.ospk.cz\/index.php?rest_route=\/wp\/v2\/pages\/35\/revisions"}],"predecessor-version":[{"id":39,"href":"https:\/\/www.ospk.cz\/index.php?rest_route=\/wp\/v2\/pages\/35\/revisions\/39"}],"wp:attachment":[{"href":"https:\/\/www.ospk.cz\/index.php?rest_route=%2Fwp%2Fv2%2Fmedia&parent=35"}],"curies":[{"name":"wp","href":"https:\/\/api.w.org\/{rel}","templated":true}]}}