{"id":63,"date":"2021-02-15T15:27:09","date_gmt":"2021-02-15T14:27:09","guid":{"rendered":"https:\/\/www.ospk.cz\/?page_id=63"},"modified":"2025-12-11T13:32:08","modified_gmt":"2025-12-11T12:32:08","slug":"kontakt","status":"publish","type":"page","link":"https:\/\/www.ospk.cz\/?page_id=63","title":{"rendered":"Kontakt"},"content":{"rendered":"\n<h3 class=\"wp-block-heading\">Kontakt<\/h3>\n\n\n\n<figure class=\"wp-block-table is-style-regular\"><table><thead><tr><th>Funkce<\/th><th>Jm\u00e9no<\/th><th>Telefon<\/th><\/tr><\/thead><tbody><tr><td>P\u0159edseda<\/td><td>Mgr. Lubom\u00edr Novotn\u00fd<\/td><td><a href=\"tel:224152508\">224 14 25 08<\/a><\/td><\/tr><tr><td>Ekonom a \u00fa\u010detn\u00ed<\/td><td>Jana Junov\u00e1<\/td><td><a href=\"tel:724867660\">724 867 660<\/a><\/td><\/tr><tr><td>Pr\u00e1vn\u00edk a inspektor BOZP<\/td><td>Mgr. Vladim\u00edr Pet\u0159\u00ed\u010dek<\/td><td><a href=\"tel:224142224\">224 14 22 24<\/a><\/td><\/tr><\/tbody><\/table><\/figure>\n\n\n\n<p><strong>E-mail:<\/strong> <a href=\"mailto:novotny.lubomir@ospk.cz\">novotny.lubomir@ospk.cz<\/a><br><strong>I\u010cO:<\/strong> 00499251<\/p>\n\n\n\n<h3 class=\"wp-block-heading\">Adresa <\/h3>\n\n\n\n<p>Senov\u00e1\u017en\u00e9 n\u00e1m\u011bst\u00ed 23<br>Praha 1 &#8211; Nov\u00e9 M\u011bsto<br>110 00<\/p>\n","protected":false},"excerpt":{"rendered":"<p>Kontakt Funkce Jm\u00e9no Telefon P\u0159edseda Mgr. Lubom\u00edr Novotn\u00fd 224 14 25 08 Ekonom a \u00fa\u010detn\u00ed Jana Junov\u00e1 724 867 660 Pr\u00e1vn\u00edk a inspektor BOZP Mgr. Vladim\u00edr Pet\u0159\u00ed\u010dek 224 14 22 24 E-mail: novotny.lubomir@ospk.czI\u010cO: 00499251 Adresa Senov\u00e1\u017en\u00e9 n\u00e1m\u011bst\u00ed 23Praha 1 &#8211; Nov\u00e9 M\u011bsto110 00<\/p>\n","protected":false},"author":1,"featured_media":0,"parent":0,"menu_order":0,"comment_status":"closed","ping_status":"closed","template":"","meta":{"footnotes":""},"class_list":["post-63","page","type-page","status-publish"],"_links":{"self":[{"href":"https:\/\/www.ospk.cz\/index.php?rest_route=\/wp\/v2\/pages\/63","targetHints":{"allow":["GET"]}}],"collection":[{"href":"https:\/\/www.ospk.cz\/index.php?rest_route=\/wp\/v2\/pages"}],"about":[{"href":"https:\/\/www.ospk.cz\/index.php?rest_route=\/wp\/v2\/types\/page"}],"author":[{"embeddable":true,"href":"https:\/\/www.ospk.cz\/index.php?rest_route=\/wp\/v2\/users\/1"}],"replies":[{"embeddable":true,"href":"https:\/\/www.ospk.cz\/index.php?rest_route=%2Fwp%2Fv2%2Fcomments&post=63"}],"version-history":[{"count":14,"href":"https:\/\/www.ospk.cz\/index.php?rest_route=\/wp\/v2\/pages\/63\/revisions"}],"predecessor-version":[{"id":933,"href":"https:\/\/www.ospk.cz\/index.php?rest_route=\/wp\/v2\/pages\/63\/revisions\/933"}],"wp:attachment":[{"href":"https:\/\/www.ospk.cz\/index.php?rest_route=%2Fwp%2Fv2%2Fmedia&parent=63"}],"curies":[{"name":"wp","href":"https:\/\/api.w.org\/{rel}","templated":true}]}}